{"id":3279,"date":"2025-02-23T23:42:34","date_gmt":"2025-02-23T23:42:34","guid":{"rendered":"https:\/\/hambolglobaltrading.com\/?page_id=3279"},"modified":"2025-03-17T15:31:28","modified_gmt":"2025-03-17T15:31:28","slug":"accueil","status":"publish","type":"page","link":"https:\/\/hambolglobaltrading.com\/?page_id=3279&lang=fr","title":{"rendered":"accueil"},"content":{"rendered":"\t\t<div data-elementor-type=\"wp-page\" data-elementor-id=\"3279\" class=\"elementor elementor-3279\">\n\t\t\t\t<div class=\"elementor-element elementor-element-24ffb9f e-con-full e-flex e-con e-parent\" data-id=\"24ffb9f\" data-element_type=\"container\" data-e-type=\"container\">\n\t\t\t\t<div class=\"elementor-element elementor-element-2c3e7af elementor-widget elementor-widget-agricabanner\" data-id=\"2c3e7af\" data-element_type=\"widget\" data-e-type=\"widget\" data-widget_type=\"agricabanner.default\">\n\t\t\t\t<div class=\"elementor-widget-container\">\n\t\t\t\t\t<div class=\"banner-area navigation-circle text-light banner-style-one zoom-effect overflow-hidden\"><!-- Slider main container --><div class=\"banner-fade\"><!-- Additional required wrapper --><div class=\"swiper-wrapper\"><!-- Single Item --><div class=\"swiper-slide banner-style-one\"><div class=\"banner-thumb bg-cover shadow dark\" style=\"background: url(https:\/\/hambolglobaltrading.com\/wp-content\/uploads\/2025\/02\/024A0579-scaled-1.webp);\"><\/div><div class=\"container\"><div class=\"row align-center\"><div class=\"col-xl-9\"><div class=\"content\"><div class=\"badge\"><div class=\"curve-text\"><svg xmlns=\"http:\/\/www.w3.org\/2000\/svg\" viewBox=\"0 0 150 150\" version=\"1.1\"><path id=\"textPath\" d=\"M 0,75 a 75,75 0 1,1 0,1 z\"><\/path><text><textPath href=\"#textPath\">Produit 100% Biologique<\/textPath><\/text><\/svg><a href=\"https:\/\/www.youtube.com\/watch?v=AttWNhumMAo\" class=\"popup-youtube\"><i class=\"fas fa-arrow-right\"><\/i><\/a><\/div><\/div><div class=\"info\"><h2 class=\"vt-title\">Transformer les Commodit\u00e9s Mondiales<\/h2><p class=\"vt-desc\">\u00c9tablissez une connexion directe avec la source de vos mati\u00e8res premi\u00e8res, garantissant la transparence et le respect des normes \u00e9thiques.<\/p><div class=\"button\"><a class=\"btn btn-theme btn-md radius animation\" href=\"https:\/\/hambolglobaltrading.com\/fr\/a-propos-de-nou\/\">D\u00e9couvrir Plus<\/a><\/div><\/div><\/div><\/div><\/div><\/div><\/div><!-- End Single Item --><!-- Single Item --><div class=\"swiper-slide banner-style-one\"><div class=\"banner-thumb bg-cover shadow dark\" style=\"background: url(https:\/\/hambolglobaltrading.com\/wp-content\/uploads\/2025\/02\/024A1194-scaled-1.webp);\"><\/div><div class=\"container\"><div class=\"row align-center\"><div class=\"col-xl-9\"><div class=\"content\"><div class=\"badge\"><div class=\"curve-text\"><svg xmlns=\"http:\/\/www.w3.org\/2000\/svg\" viewBox=\"0 0 150 150\" version=\"1.1\"><path id=\"textPath\" d=\"M 0,75 a 75,75 0 1,1 0,1 z\"><\/path><text><textPath href=\"#textPath\">Produit 100% Biologique<\/textPath><\/text><\/svg><a href=\"https:\/\/www.youtube.com\/watch?v=AttWNhumMAo\" class=\"popup-youtube\"><i class=\"fas fa-arrow-right\"><\/i><\/a><\/div><\/div><div class=\"info\"><h2 class=\"vt-title\"> <strong>Commerce pour un Avenir Durable <\/strong><\/h2><div class=\"button\"><a class=\"btn btn-theme btn-md radius animation\" href=\"https:\/\/hambolglobaltrading.com\/fr\/a-propos-de-nou\/\">D\u00e9couvrir Plus<\/a><\/div><\/div><\/div><\/div><\/div><\/div><\/div><!-- End Single Item --><\/div><!-- Navigation --><div class=\"swiper-button-prev\"><\/div><div class=\"swiper-button-next\"><\/div><\/div>        <\/div>\t\t\t\t<\/div>\n\t\t\t\t<\/div>\n\t\t\t\t<\/div>\n\t\t<div class=\"elementor-element elementor-element-f7a43e8 e-con-full e-flex e-con e-parent\" data-id=\"f7a43e8\" data-element_type=\"container\" data-e-type=\"container\">\n\t\t\t\t<div class=\"elementor-element elementor-element-ba5084b elementor-widget elementor-widget-agricaaboutus\" data-id=\"ba5084b\" data-element_type=\"widget\" data-e-type=\"widget\" data-widget_type=\"agricaaboutus.default\">\n\t\t\t\t<div class=\"elementor-widget-container\">\n\t\t\t\t\t<div class=\"about-style-one-area default-padding overflow-hidden\"><div class=\"container\"><div class=\"row align-center\"><div class=\"col-xl-6 col-lg-5\"><div class=\"about-style-one-thumb\"><img decoding=\"async\" src=\"https:\/\/hambolglobaltrading.com\/wp-content\/uploads\/2025\/02\/2151663015.webp\" alt=\"hambolGlobalTrading\"  \/><div class=\"animation-shape\"><img decoding=\"async\" src=\"https:\/\/wordpress.validthemes.net\/agrica\/wp-content\/uploads\/2024\/01\/1.png\" alt=\"hambolGlobalTrading\"  \/><\/div><\/div><\/div><div class=\"col-xl-5 offset-xl-1 col-lg-6 offset-lg-1\"><div class=\"about-style-one-info\"><h2 class=\"vt-title title\">Bienvenue a Hambol Global Trading (HGT)<\/h2><p class=\"vt-desc\">Chez Hambol Global Trading (HGT), nous nous engageons \u00e0 r\u00e9volutionner le secteur agricole africain. Fond\u00e9e en 2024 par des experts chevronn\u00e9s de la cha\u00eene d&#039;approvisionnement, Adama Traor\u00e9 et Mariam Kon\u00e9, HGT a \u00e9t\u00e9 cr\u00e9\u00e9e avec pour mission de combler le foss\u00e9 entre les agriculteurs africains et les march\u00e9s mondiaux. Notre conviction fondamentale est d&#039;autonomiser les agriculteurs et les communaut\u00e9s locales en les connectant \u00e0 des acheteurs internationaux, tout en offrant des solutions logistiques efficaces et fiables. \u00c0 travers ces efforts, nous visons \u00e0 favoriser une croissance et un d\u00e9veloppement durables dans toute la r\u00e9gion.<\/p><div class=\"fun-fact-style-flex mt-35\"><div class=\"counter\"><div class=\"timer\" data-to=\"25\" data-speed=\"2000\">25<\/div><div class=\"operator\">M<\/div><\/div><span class=\"medium\">Croissance en Tonnes de R\u00e9colte<\/span><\/div><ul class=\"top-feature\"><li><div class=\"icon\"><img decoding=\"async\" src=\"https:\/\/hambolglobaltrading.com\/wp-content\/uploads\/2025\/02\/target_1383200.png\" alt=\"hambolGlobalTrading\"  \/><\/div><div class=\"info\"><h4 class=\"vt-f-title\">Notre Mission<\/h4><p class=\"vt-f-text\">Combler le foss\u00e9 entre les producteurs agricoles africains et les march\u00e9s internationaux, en permettant une distribution durable et efficace des ressources naturelles. Nous visons \u00e0 soutenir les communaut\u00e9s africaines tout en r\u00e9pondant \u00e0 la demande mondiale croissante de produits agricoles gr\u00e2ce \u00e0 des pratiques commerciales innovantes et \u00e9thiques.<\/p><\/div><\/li><li><div class=\"icon\"><img decoding=\"async\" src=\"https:\/\/hambolglobaltrading.com\/wp-content\/uploads\/2025\/02\/work_4526598.png\" alt=\"hambolGlobalTrading\"  \/><\/div><div class=\"info\"><h4 class=\"vt-f-title\">Ce Que Nous Faisons<\/h4><p class=\"vt-f-text\">Chez HGT, nous sommes sp\u00e9cialis\u00e9s dans l&#039;approvisionnement, la transformation et la distribution de mati\u00e8res premi\u00e8res agricoles de qualit\u00e9 sup\u00e9rieure. Notre si\u00e8ge social \u00e0 Duba\u00ef nous positionne avantageusement dans le r\u00e9seau commercial mondial, nous permettant de tirer parti d&#039;une logistique avanc\u00e9e et d&#039;une connaissance approfondie du march\u00e9. Cet emplacement strat\u00e9gique nous permet de fournir de la valeur \u00e0 la fois \u00e0 nos fournisseurs africains et \u00e0 nos clients mondiaux, en garantissant des transactions fluides et des pratiques commerciales durables.<\/p><\/div><\/li><\/ul><\/div><\/div><\/div><\/div><\/div>\t\t\t\t<\/div>\n\t\t\t\t<\/div>\n\t\t\t\t<\/div>\n\t\t<div class=\"elementor-element elementor-element-7463157 e-con-full e-flex e-con e-parent\" data-id=\"7463157\" data-element_type=\"container\" data-e-type=\"container\">\n\t\t\t\t<div class=\"elementor-element elementor-element-88d26d4 elementor-widget elementor-widget-agricaservices\" data-id=\"88d26d4\" data-element_type=\"widget\" data-e-type=\"widget\" data-widget_type=\"agricaservices.default\">\n\t\t\t\t<div class=\"elementor-widget-container\">\n\t\t\t\t\t<div class=\"services-style-one-area\"><div class=\"shape-right-top\" style=\"background-image: url(https:\/\/wordpress.validthemes.net\/agrica\/wp-content\/uploads\/2024\/01\/9-1.png);\"><\/div><div class=\"container\"><div class=\"row\"><div class=\"col-lg-6 offset-lg-3\"><div class=\"site-heading text-center\"><h5 class=\"sub-title\">les objectifs cl\u00e9s de<\/h5><h2 class=\"title\"> Hambol Global Trading HGT<\/h2><\/div><\/div><\/div><div class=\"row\"><!-- Single Item --><div class=\"col-lg-4 col-md-6 service-one-single\"><div class=\"service-style-one-item\"><div class=\"thumb\"><img decoding=\"async\" src=\"https:\/\/hambolglobaltrading.com\/wp-content\/uploads\/2025\/02\/49633673_9246186.jpg\" alt=\"hambolGlobalTrading\"  \/><\/div><div class=\"info\"><div class=\"top\"><h4 class=\"vt-f-title\"><a href=\"\">Connecter<span> les March\u00e9s Mondiaux<\/a><\/h4><\/div><p class=\"vt-f-text\">\u00c9tablir des connexions directes entre les march\u00e9s mondiaux et la source des mati\u00e8res premi\u00e8res agricoles, en garantissant la transparence et des pratiques \u00e9thiques.<\/p><\/div><a href=\"\" class=\"btn-angle\"><i class=\"fas fa-arrow-right\"><\/i><\/a><\/div><\/div><!-- End Single Item --><!-- Single Item --><div class=\"col-lg-4 col-md-6 service-one-single\"><div class=\"service-style-one-item\"><div class=\"thumb\"><img decoding=\"async\" src=\"https:\/\/hambolglobaltrading.com\/wp-content\/uploads\/2025\/02\/statistics-graph-moving-up-growth-monochrome-flat-element-bar-chart-increase-profit-success-editable-clip-art-black-white-icon-simple-thin-line-spot-illustration-for-web-graphic-design-vector.jpg\" alt=\"hambolGlobalTrading\"  \/><\/div><div class=\"info\"><div class=\"top\"><h4 class=\"vt-f-title\"><a href=\"\">Promouvoir <span> la Durabilit\u00e9<\/a><\/h4><\/div><p class=\"vt-f-text\">Mettre en avant des pratiques innovantes et durables dans le commerce agricole, en soulignant l&#039;engagement de l&#039;entreprise envers un avenir durable.<\/p><\/div><a href=\"\" class=\"btn-angle\"><i class=\"fas fa-arrow-right\"><\/i><\/a><\/div><\/div><!-- End Single Item --><!-- Single Item --><div class=\"col-lg-4 col-md-6 service-one-single\"><div class=\"service-style-one-item\"><div class=\"thumb\"><img decoding=\"async\" src=\"https:\/\/hambolglobaltrading.com\/wp-content\/uploads\/2025\/02\/OIP.jpg\" alt=\"hambolGlobalTrading\"  \/><\/div><div class=\"info\"><div class=\"top\"><h4 class=\"vt-f-title\"><a href=\"\">Produits et Services <span>Produits<\/a><\/h4><\/div><p class=\"vt-f-text\">Provide detailed information about the various agricultural products and services offered by Hambol Global Trading<\/p><\/div><a href=\"\" class=\"btn-angle\"><i class=\"fas fa-arrow-right\"><\/i><\/a><\/div><\/div><!-- End Single Item --><\/div><\/div><\/div>\t\t\t\t<\/div>\n\t\t\t\t<\/div>\n\t\t\t\t<\/div>\n\t\t<div class=\"elementor-element elementor-element-1dd0f1e e-con-full e-flex e-con e-parent\" data-id=\"1dd0f1e\" data-element_type=\"container\" data-e-type=\"container\">\n\t\t\t\t<div class=\"elementor-element elementor-element-5fe8e21 elementor-widget elementor-widget-agricavideoarea\" data-id=\"5fe8e21\" data-element_type=\"widget\" data-e-type=\"widget\" data-widget_type=\"agricavideoarea.default\">\n\t\t\t\t<div class=\"elementor-widget-container\">\n\t\t\t\t\t<div class=\"benifits-area default-padding-top video-bg-live bg-cover mt--50 mt-md-0 mt-xs-0\" style=\"background-image: url(https:\/\/hambolglobaltrading.com\/wp-content\/uploads\/2025\/02\/pexels-dibert-1117210-scaled-1.webp);\">\t\t        <div class=\"player\" data-property=\"{videoURL:'https:\/\/youtu.be\/idNOh3HoymM?si=SsfDBbmRsHPnjzmkV4js_E',containment:'.video-bg-live', showControls:false, autoPlay:true, zoom:0, loop:true, mute:true, startAt:13, opacity:1, quality:'default'}\"><\/div><div class=\"shape-top-center\" style=\"background-image: url(https:\/\/wordpress.validthemes.net\/agrica\/wp-content\/uploads\/2024\/01\/10.png);\"><\/div><div class=\"container\"><div class=\"row\"><div class=\"col-xl-6 col-lg-7\"><div class=\"benifit-items text-light\"><div class=\"shape\"><img decoding=\"async\" src=\"https:\/\/wordpress.validthemes.net\/agrica\/wp-content\/uploads\/2024\/01\/8-1.png\" alt=\"hambolGlobalTrading\"  \/><\/div><h2 class=\"vt-title title\">Pourquoi Nous Choisir ?<\/h2><p class=\"vt-desc\">Hambol Global Trading allie innovation, pratiques \u00e9thiques et un engagement profond envers la durabilit\u00e9. Rejoignez-nous alors que nous continuons \u00e0 \u00e9tendre notre port\u00e9e et notre impact sur les march\u00e9s agricoles mondiaux.\n\nExplorez nos services et d\u00e9couvrez comment nous pouvons collaborer pour un avenir plus radieux et plus connect\u00e9 dans le commerce agricole.<\/p><ul class=\"list-standard\">\n<li>Innovation<\/li>\n<li>Commerce Mondial<\/li>\n<li>Un Grand R\u00e9seau Commercial Durable<\/li>\n<\/ul><\/div><\/div><\/div><\/div><\/div>\t\t\t\t<\/div>\n\t\t\t\t<\/div>\n\t\t\t\t<\/div>\n\t\t<div class=\"elementor-element elementor-element-a621d55 e-con-full e-flex e-con e-parent\" data-id=\"a621d55\" data-element_type=\"container\" data-e-type=\"container\">\n\t\t\t\t<div class=\"elementor-element elementor-element-c4ddad6 elementor-widget elementor-widget-agricagalleryes\" data-id=\"c4ddad6\" data-element_type=\"widget\" data-e-type=\"widget\" data-widget_type=\"agricagalleryes.default\">\n\t\t\t\t<div class=\"elementor-widget-container\">\n\t\t\t\t\t<div class=\"gallery-style-one-area\"><div class=\"container\"><div class=\"row\"><div class=\"col-lg-6 offset-lg-3\"><div class=\"site-heading text-center\"><h5 class=\"sub-title\">Awesome Gallery<\/h5><h2 class=\"title\">Explore Projects<\/h2><\/div><\/div><\/div><\/div><div class=\"container-fill\"><div class=\"row\"><div class=\"gallery-style-one-carousel swiper\"><!-- Additional required wrapper --><div class=\"swiper-wrapper\"><!-- Single Item --><div class=\"swiper-slide\"><div class=\"gallery-style-one\"><img decoding=\"async\" src=\"https:\/\/hambolglobaltrading.com\/wp-content\/uploads\/2025\/02\/024A0574-scaled-1.webp\" alt=\"hambolGlobalTrading\"  \/><div class=\"overlay\"><p class=\"vt-f-title\">Team<\/p><h4 class=\"vt-f-text\"><a href=\"https:\/\/wordpress.validthemes.net\/agrica\/project-details\/\">Coordination<\/a><\/h4><\/div><\/div><\/div><!-- End Single Item --><!-- Single Item --><div class=\"swiper-slide\"><div class=\"gallery-style-one\"><img decoding=\"async\" src=\"https:\/\/hambolglobaltrading.com\/wp-content\/uploads\/2025\/02\/024A0613-scaled-1.webp\" alt=\"hambolGlobalTrading\"  \/><div class=\"overlay\"><p class=\"vt-f-title\">Project<\/p><h4 class=\"vt-f-text\"><a href=\"https:\/\/wordpress.validthemes.net\/agrica\/project-details\/\">Efficiency<\/a><\/h4><\/div><\/div><\/div><!-- End Single Item --><!-- Single Item --><div class=\"swiper-slide\"><div class=\"gallery-style-one\"><img decoding=\"async\" src=\"https:\/\/hambolglobaltrading.com\/wp-content\/uploads\/2025\/02\/024A0612-scaled-1.webp\" alt=\"hambolGlobalTrading\"  \/><div class=\"overlay\"><p class=\"vt-f-title\">Team<\/p><h4 class=\"vt-f-text\"><a href=\"https:\/\/wordpress.validthemes.net\/agrica\/project-details\/\">Work<\/a><\/h4><\/div><\/div><\/div><!-- End Single Item --><\/div><!-- Pagination --><div class=\"swiper-pagination\"><\/div><\/div><\/div><\/div><\/div>\t\t\t\t<\/div>\n\t\t\t\t<\/div>\n\t\t\t\t<\/div>\n\t\t<div class=\"elementor-element elementor-element-94038f4 e-con-full e-flex e-con e-parent\" data-id=\"94038f4\" data-element_type=\"container\" data-e-type=\"container\" data-settings=\"{&quot;background_background&quot;:&quot;classic&quot;}\">\n\t\t\t\t<div class=\"elementor-element elementor-element-a168c3b elementor-widget elementor-widget-agricacontactinfo\" data-id=\"a168c3b\" data-element_type=\"widget\" data-e-type=\"widget\" data-widget_type=\"agricacontactinfo.default\">\n\t\t\t\t<div class=\"elementor-widget-container\">\n\t\t\t\t\t<div class=\"contact-area overflow-hidden default-padding\"><div class=\"sahpe-right-bottom\"><img decoding=\"async\" src=\"https:\/\/wordpress.validthemes.net\/agrica\/wp-content\/uploads\/2024\/01\/16.png\" alt=\"Image Not Found\"><\/div><div class=\"container\"><div class=\"row align-center\"><div class=\"col-tact-stye-one col-xl-6 col-lg-7\"><div class=\"contact-form-style-one mb-md-50\"><img decoding=\"async\" src=\"https:\/\/wordpress.validthemes.net\/agrica\/wp-content\/uploads\/2024\/01\/10-2.png\" alt=\"Image Not Found\"><h5 class=\"sub-title\">Vous avez des questions ?<\/h5> <h2 class=\"heading\">Envoyez-nous un message<\/h2>\n<div class=\"wpcf7 no-js\" id=\"wpcf7-f3470-o1\" lang=\"en-US\" dir=\"ltr\" data-wpcf7-id=\"3470\">\n<div class=\"screen-reader-response\"><p role=\"status\" aria-live=\"polite\" aria-atomic=\"true\"><\/p> <ul><\/ul><\/div>\n<form action=\"\/index.php?rest_route=%2Fwp%2Fv2%2Fpages%2F3279#wpcf7-f3470-o1\" method=\"post\" class=\"wpcf7-form init\" aria-label=\"Contact form\" novalidate=\"novalidate\" data-status=\"init\">\n<fieldset class=\"hidden-fields-container\"><input type=\"hidden\" name=\"_wpcf7\" value=\"3470\" \/><input type=\"hidden\" name=\"_wpcf7_version\" value=\"6.1.1\" \/><input type=\"hidden\" name=\"_wpcf7_locale\" value=\"en_US\" \/><input type=\"hidden\" name=\"_wpcf7_unit_tag\" value=\"wpcf7-f3470-o1\" \/><input type=\"hidden\" name=\"_wpcf7_container_post\" value=\"0\" \/><input type=\"hidden\" name=\"_wpcf7_posted_data_hash\" value=\"\" \/>\n<\/fieldset>\n<p><label> Votre nom<br \/>\n<span class=\"wpcf7-form-control-wrap\" data-name=\"your-name\"><input size=\"40\" maxlength=\"400\" class=\"wpcf7-form-control wpcf7-text wpcf7-validates-as-required\" autocomplete=\"name\" aria-required=\"true\" aria-invalid=\"false\" value=\"\" type=\"text\" name=\"your-name\" \/><\/span> <\/label>\n<\/p>\n<p><label> Votre num\u00e9ro de t\u00e9l\u00e9phone<br \/>\n<span class=\"wpcf7-form-control-wrap\" data-name=\"number-983\"><input class=\"wpcf7-form-control wpcf7-number wpcf7-validates-as-number\" aria-invalid=\"false\" value=\"\" type=\"number\" name=\"number-983\" \/><\/span> <\/label>\n<\/p>\n<p><label> Votre e-mail<br \/>\n<span class=\"wpcf7-form-control-wrap\" data-name=\"your-email\"><input size=\"40\" maxlength=\"400\" class=\"wpcf7-form-control wpcf7-email wpcf7-validates-as-required wpcf7-text wpcf7-validates-as-email\" autocomplete=\"email\" aria-required=\"true\" aria-invalid=\"false\" value=\"\" type=\"email\" name=\"your-email\" \/><\/span> <\/label>\n<\/p>\n<p><label> Sujet<br \/>\n<span class=\"wpcf7-form-control-wrap\" data-name=\"your-subject\"><input size=\"40\" maxlength=\"400\" class=\"wpcf7-form-control wpcf7-text wpcf7-validates-as-required\" aria-required=\"true\" aria-invalid=\"false\" value=\"\" type=\"text\" name=\"your-subject\" \/><\/span> <\/label>\n<\/p>\n<p><label> Votre message (optionnel)<br \/>\n<span class=\"wpcf7-form-control-wrap\" data-name=\"your-message\"><textarea cols=\"40\" rows=\"10\" maxlength=\"2000\" class=\"wpcf7-form-control wpcf7-textarea\" aria-invalid=\"false\" name=\"your-message\"><\/textarea><\/span> <\/label>\n<\/p>\n<p><input class=\"wpcf7-form-control wpcf7-submit has-spinner\" type=\"submit\" value=\"Submit\" \/>\n<\/p><div class=\"wpcf7-response-output\" aria-hidden=\"true\"><\/div>\n<\/form>\n<\/div>\n<\/div><\/div><div class=\"col-tact-stye-one col-xl-5 offset-xl-1 col-lg-5\"><div class=\"contact-style-one-info text-light\"><h2>Informations de Contact<\/h2><p>Explorez le potentiel d'un partenariat avec Hambol Global Trading alors que nous continuons \u00e0 \u00e9tendre notre port\u00e9e et notre impact. Ensemble, nous pouvons construire un avenir plus connect\u00e9 et durable pour le commerce agricole<\/p><ul><li><div class=\"content\"><h5 class=\"title\">Tel<\/h5><a href=\"tel:(+971)58508769\">(+971) 58 - 508 -769<\/a><\/div><\/li><li><div class=\"info\"><h5 class=\"title\">Notre Emplacement<\/h5><p>DMCC Business Centre Level <br> No 1 Jewellery &amp; Gemplex 3 ,Dubai UAE<\/p><\/div><\/li><li><div class=\"info\"><h5 class=\"title\">Email Officiel<\/h5><a href=\"mailto:info@hambolglobaltrading.com\">info@hambolglobaltrading.com<\/a><\/div><\/li><\/ul><\/div><\/div><\/div><\/div><\/div>\t\t\t\t<\/div>\n\t\t\t\t<\/div>\n\t\t\t\t<\/div>\n\t\t<div class=\"elementor-element elementor-element-3340319 e-con-full e-flex e-con e-parent\" data-id=\"3340319\" data-element_type=\"container\" data-e-type=\"container\">\n\t\t\t\t<div class=\"elementor-element elementor-element-b65b129 elementor-widget elementor-widget-agricablogpost\" data-id=\"b65b129\" data-element_type=\"widget\" data-e-type=\"widget\" data-widget_type=\"agricablogpost.default\">\n\t\t\t\t<div class=\"elementor-widget-container\">\n\t\t\t\t\t<div class=\"blog-area home-blog\"><div class=\"container\"><div class=\"row\"><div class=\"col-lg-8 offset-lg-2\"><div class=\"site-heading text-center\"><h5 class=\"sub-title\">Latest News<\/h5><h2 class=\"title\">Check out our blog posts <\/h2><\/div><\/div><\/div><\/div><div class=\"container\"><div class=\"row\"><!-- Single Item --><div class=\"col-xl-6 col-md-12 mb-30\"><div class=\"blog-style-one\"><div class=\"thumb\"><a href=\"https:\/\/hambolglobaltrading.com\/?p=3853\"><\/a><div class=\"overlay text-light\"><h3 class=\"post-title\"><a href=\"https:\/\/hambolglobaltrading.com\/?p=3853\">International Trade of Raw Materials in Africa:<\/a><\/h3><p>\u00a0 \ud83d\udfe2 IntroductionThe international trade of raw materials in Africa has become a major driver of economic development. With global demand<\/p><a href=\"https:\/\/hambolglobaltrading.com\/?p=3853\" class=\"button-regular\">Continue Reading<i class=\"fas fa-arrow-right\"><\/i><\/a><\/div><\/div><\/div><\/div><!-- End Single Item --><\/div><\/div><\/div>\t\t\t\t<\/div>\n\t\t\t\t<\/div>\n\t\t\t\t<\/div>\n\t\t\t\t<\/div>\n\t\t","protected":false},"excerpt":{"rendered":"<p>Produit 100% Biologique Transformer les Commodit\u00e9s Mondiales \u00c9tablissez une connexion directe avec la source de vos mati\u00e8res premi\u00e8res, garantissant la transparence et le respect des normes \u00e9thiques. D\u00e9couvrir PlusProduit 100% Biologique Commerce pour un Avenir Durable D\u00e9couvrir Plus Bienvenue a Hambol Global Trading (HGT) Chez Hambol Global Trading (HGT), nous nous engageons \u00e0 r\u00e9volutionner le&#8230;<\/p>\n","protected":false},"author":1,"featured_media":0,"parent":0,"menu_order":0,"comment_status":"closed","ping_status":"closed","template":"elementor_header_footer","meta":{"_monsterinsights_skip_tracking":false,"_monsterinsights_sitenote_active":false,"_monsterinsights_sitenote_note":"","_monsterinsights_sitenote_category":0,"iawp_total_views":35,"footnotes":""},"class_list":["post-3279","page","type-page","status-publish","hentry","item-inner"],"aioseo_notices":[],"_links":{"self":[{"href":"https:\/\/hambolglobaltrading.com\/index.php?rest_route=\/wp\/v2\/pages\/3279","targetHints":{"allow":["GET"]}}],"collection":[{"href":"https:\/\/hambolglobaltrading.com\/index.php?rest_route=\/wp\/v2\/pages"}],"about":[{"href":"https:\/\/hambolglobaltrading.com\/index.php?rest_route=\/wp\/v2\/types\/page"}],"author":[{"embeddable":true,"href":"https:\/\/hambolglobaltrading.com\/index.php?rest_route=\/wp\/v2\/users\/1"}],"replies":[{"embeddable":true,"href":"https:\/\/hambolglobaltrading.com\/index.php?rest_route=%2Fwp%2Fv2%2Fcomments&post=3279"}],"version-history":[{"count":30,"href":"https:\/\/hambolglobaltrading.com\/index.php?rest_route=\/wp\/v2\/pages\/3279\/revisions"}],"predecessor-version":[{"id":3749,"href":"https:\/\/hambolglobaltrading.com\/index.php?rest_route=\/wp\/v2\/pages\/3279\/revisions\/3749"}],"wp:attachment":[{"href":"https:\/\/hambolglobaltrading.com\/index.php?rest_route=%2Fwp%2Fv2%2Fmedia&parent=3279"}],"curies":[{"name":"wp","href":"https:\/\/api.w.org\/{rel}","templated":true}]}}