{"id":3332,"date":"2025-02-24T01:50:16","date_gmt":"2025-02-24T01:50:16","guid":{"rendered":"https:\/\/hambolglobaltrading.com\/?page_id=3332"},"modified":"2025-02-26T08:09:30","modified_gmt":"2025-02-26T08:09:30","slug":"contact-2","status":"publish","type":"page","link":"https:\/\/hambolglobaltrading.com\/?page_id=3332&lang=fr","title":{"rendered":"Contact"},"content":{"rendered":"\t\t<div data-elementor-type=\"wp-page\" data-elementor-id=\"3332\" class=\"elementor elementor-3332\">\n\t\t\t\t<div class=\"elementor-element elementor-element-2a99bd8 e-con-full contact-page e-flex e-con e-parent\" data-id=\"2a99bd8\" data-element_type=\"container\" data-e-type=\"container\" data-settings=\"{&quot;background_background&quot;:&quot;classic&quot;}\">\n\t\t\t\t<div class=\"elementor-element elementor-element-f68da24 elementor-widget elementor-widget-agricacontactinfo\" data-id=\"f68da24\" data-element_type=\"widget\" data-e-type=\"widget\" data-widget_type=\"agricacontactinfo.default\">\n\t\t\t\t<div class=\"elementor-widget-container\">\n\t\t\t\t\t<div class=\"contact-area overflow-hidden default-padding\"><div class=\"sahpe-right-bottom\"><img decoding=\"async\" src=\"https:\/\/wordpress.validthemes.net\/agrica\/wp-content\/uploads\/2024\/01\/16.png\" alt=\"Image Not Found\"><\/div><div class=\"container\"><div class=\"row align-center\"><div class=\"col-tact-stye-one col-xl-6 col-lg-7\"><div class=\"contact-form-style-one mb-md-50\"><img decoding=\"async\" src=\"https:\/\/wordpress.validthemes.net\/agrica\/wp-content\/uploads\/2024\/01\/10-2.png\" alt=\"Image Not Found\"><h5 class=\"sub-title\">Des Questions ?<\/h5> <h2 class=\"heading\">Envoyez-nous un message<\/h2>\n<div class=\"wpcf7 no-js\" id=\"wpcf7-f3470-o1\" lang=\"en-US\" dir=\"ltr\" data-wpcf7-id=\"3470\">\n<div class=\"screen-reader-response\"><p role=\"status\" aria-live=\"polite\" aria-atomic=\"true\"><\/p> <ul><\/ul><\/div>\n<form action=\"\/index.php?rest_route=%2Fwp%2Fv2%2Fpages%2F3332#wpcf7-f3470-o1\" method=\"post\" class=\"wpcf7-form init\" aria-label=\"Contact form\" novalidate=\"novalidate\" data-status=\"init\">\n<fieldset class=\"hidden-fields-container\"><input type=\"hidden\" name=\"_wpcf7\" value=\"3470\" \/><input type=\"hidden\" name=\"_wpcf7_version\" value=\"6.1.1\" \/><input type=\"hidden\" name=\"_wpcf7_locale\" value=\"en_US\" \/><input type=\"hidden\" name=\"_wpcf7_unit_tag\" value=\"wpcf7-f3470-o1\" \/><input type=\"hidden\" name=\"_wpcf7_container_post\" value=\"0\" \/><input type=\"hidden\" name=\"_wpcf7_posted_data_hash\" value=\"\" \/>\n<\/fieldset>\n<p><label> Votre nom<br \/>\n<span class=\"wpcf7-form-control-wrap\" data-name=\"your-name\"><input size=\"40\" maxlength=\"400\" class=\"wpcf7-form-control wpcf7-text wpcf7-validates-as-required\" autocomplete=\"name\" aria-required=\"true\" aria-invalid=\"false\" value=\"\" type=\"text\" name=\"your-name\" \/><\/span> <\/label>\n<\/p>\n<p><label> Votre num\u00e9ro de t\u00e9l\u00e9phone<br \/>\n<span class=\"wpcf7-form-control-wrap\" data-name=\"number-983\"><input class=\"wpcf7-form-control wpcf7-number wpcf7-validates-as-number\" aria-invalid=\"false\" value=\"\" type=\"number\" name=\"number-983\" \/><\/span> <\/label>\n<\/p>\n<p><label> Votre e-mail<br \/>\n<span class=\"wpcf7-form-control-wrap\" data-name=\"your-email\"><input size=\"40\" maxlength=\"400\" class=\"wpcf7-form-control wpcf7-email wpcf7-validates-as-required wpcf7-text wpcf7-validates-as-email\" autocomplete=\"email\" aria-required=\"true\" aria-invalid=\"false\" value=\"\" type=\"email\" name=\"your-email\" \/><\/span> <\/label>\n<\/p>\n<p><label> Sujet<br \/>\n<span class=\"wpcf7-form-control-wrap\" data-name=\"your-subject\"><input size=\"40\" maxlength=\"400\" class=\"wpcf7-form-control wpcf7-text wpcf7-validates-as-required\" aria-required=\"true\" aria-invalid=\"false\" value=\"\" type=\"text\" name=\"your-subject\" \/><\/span> <\/label>\n<\/p>\n<p><label> Votre message (optionnel)<br \/>\n<span class=\"wpcf7-form-control-wrap\" data-name=\"your-message\"><textarea cols=\"40\" rows=\"10\" maxlength=\"2000\" class=\"wpcf7-form-control wpcf7-textarea\" aria-invalid=\"false\" name=\"your-message\"><\/textarea><\/span> <\/label>\n<\/p>\n<p><input class=\"wpcf7-form-control wpcf7-submit has-spinner\" type=\"submit\" value=\"Submit\" \/>\n<\/p><div class=\"wpcf7-response-output\" aria-hidden=\"true\"><\/div>\n<\/form>\n<\/div>\n<\/div><\/div><div class=\"col-tact-stye-one col-xl-5 offset-xl-1 col-lg-5\"><div class=\"contact-style-one-info text-light\"><h2> Informations de <span> Contact<\/span><\/h2><p>Explorez le potentiel d\u2019un partenariat avec Hambol Global Trading alors que nous continuons \u00e0 \u00e9tendre notre port\u00e9e et notre impact. Ensemble, nous pouvons construire un avenir plus connect\u00e9 et durable pour le commerce agricole.<\/p><ul><li><div class=\"content\"><h5 class=\"title\">Tel<\/h5><a href=\"tel:(+971)58508769\"> (+971) 58 - 508 -769<\/a><\/div><\/li><li><div class=\"info\"><h5 class=\"title\">Notre Emplacement<\/h5><p>Centre d\u2019affaires DMCC, Niveau 1 <br> No 1 Jewellery &amp; Gemplex 3, Duba\u00ef, \u00c9mirats Arabes Unis<\/p><\/div><\/li><li><div class=\"info\"><h5 class=\"title\">E-mail Officiel<\/h5><a href=\"mailto:info@hambolglobaltrading.com\">info@hambolglobaltrading.com<\/a><\/div><\/li><\/ul><\/div><\/div><\/div><\/div><\/div>\t\t\t\t<\/div>\n\t\t\t\t<\/div>\n\t\t\t\t<\/div>\n\t\t\t\t<\/div>\n\t\t","protected":false},"excerpt":{"rendered":"<p>Des Questions ? Envoyez-nous un message Votre nom Votre num\u00e9ro de t\u00e9l\u00e9phone Votre e-mail Sujet Votre message (optionnel) Informations de Contact Explorez le potentiel d\u2019un partenariat avec Hambol Global Trading alors que nous continuons \u00e0 \u00e9tendre notre port\u00e9e et notre impact. Ensemble, nous pouvons construire un avenir plus connect\u00e9 et durable pour le commerce agricole&#8230;.<\/p>\n","protected":false},"author":1,"featured_media":0,"parent":0,"menu_order":0,"comment_status":"closed","ping_status":"closed","template":"template-builder.php","meta":{"_monsterinsights_skip_tracking":false,"_monsterinsights_sitenote_active":false,"_monsterinsights_sitenote_note":"","_monsterinsights_sitenote_category":0,"iawp_total_views":0,"footnotes":""},"class_list":["post-3332","page","type-page","status-publish","hentry"],"aioseo_notices":[],"_links":{"self":[{"href":"https:\/\/hambolglobaltrading.com\/index.php?rest_route=\/wp\/v2\/pages\/3332","targetHints":{"allow":["GET"]}}],"collection":[{"href":"https:\/\/hambolglobaltrading.com\/index.php?rest_route=\/wp\/v2\/pages"}],"about":[{"href":"https:\/\/hambolglobaltrading.com\/index.php?rest_route=\/wp\/v2\/types\/page"}],"author":[{"embeddable":true,"href":"https:\/\/hambolglobaltrading.com\/index.php?rest_route=\/wp\/v2\/users\/1"}],"replies":[{"embeddable":true,"href":"https:\/\/hambolglobaltrading.com\/index.php?rest_route=%2Fwp%2Fv2%2Fcomments&post=3332"}],"version-history":[{"count":10,"href":"https:\/\/hambolglobaltrading.com\/index.php?rest_route=\/wp\/v2\/pages\/3332\/revisions"}],"predecessor-version":[{"id":3491,"href":"https:\/\/hambolglobaltrading.com\/index.php?rest_route=\/wp\/v2\/pages\/3332\/revisions\/3491"}],"wp:attachment":[{"href":"https:\/\/hambolglobaltrading.com\/index.php?rest_route=%2Fwp%2Fv2%2Fmedia&parent=3332"}],"curies":[{"name":"wp","href":"https:\/\/api.w.org\/{rel}","templated":true}]}}