{"id":3335,"date":"2025-02-24T01:53:59","date_gmt":"2025-02-24T01:53:59","guid":{"rendered":"https:\/\/hambolglobaltrading.com\/?page_id=3335"},"modified":"2025-02-26T06:57:57","modified_gmt":"2025-02-26T06:57:57","slug":"innovation-and-stability","status":"publish","type":"page","link":"https:\/\/hambolglobaltrading.com\/?page_id=3335&lang=fr","title":{"rendered":"Innovation et Stabilit\u00e9"},"content":{"rendered":"\t\t<div data-elementor-type=\"wp-page\" data-elementor-id=\"3335\" class=\"elementor elementor-3335\">\n\t\t\t\t<div class=\"elementor-element elementor-element-cc76aba e-con-full e-flex e-con e-parent\" data-id=\"cc76aba\" data-element_type=\"container\" data-e-type=\"container\" data-settings=\"{&quot;background_background&quot;:&quot;classic&quot;}\">\n\t\t\t\t<div class=\"elementor-element elementor-element-e8c3532 elementor-widget elementor-widget-agricafaq\" data-id=\"e8c3532\" data-element_type=\"widget\" data-e-type=\"widget\" data-widget_type=\"agricafaq.default\">\n\t\t\t\t<div class=\"elementor-widget-container\">\n\t\t\t\t\t<div class=\"feq-style-one-area\"><div class=\"container\"><div class=\"row align-center\"><div class=\"col-lg-5\"><div class=\"thumb-style-two\"><img decoding=\"async\" src=\"https:\/\/hambolglobaltrading.com\/wp-content\/uploads\/2025\/02\/20123517_6243815.jpg\" alt=\"hambolGlobalTrading\"  \/><h2>FAQ <\/h2><\/div><\/div><div class=\"col-lg-5 offset-lg-1\"><div class=\"faq-style-one-info\"><h2 class=\"title\">Distributeurs et Grossistes R\u00e9gionaux et Internationaux<\/h2><div class=\"accordion accordion-regular mt-35 mt-xs-15\" id=\"faqAccordion\"><div class=\"faq-style-one\"><h2 class=\"accordion-header\" id=\"heading1\"><button class=\"accordion-button  \" type=\"button\" data-bs-toggle=\"collapse\" data-bs-target=\"#collapse1\" aria-expanded=\"true\" aria-controls=\"collapse1\">Notre Axe Principal<\/button><\/h2><div id=\"collapse1\" class=\"accordion-collapse collapse show\" aria-labelledby=\"heading1\" data-bs-parent=\"#faqAccordion\"><div class=\"accordion-body\"><p>Nous nous concentrons sur l&#039;\u00e9tablissement de relations directes avec les producteurs africains de cacao, caf\u00e9, coton, cajou, ma\u00efs, soja, haricots, s\u00e9same, sucre, m\u00e9lasse et bien plus encore afin de nous approvisionner en mati\u00e8res premi\u00e8res de haute qualit\u00e9.<\/p><\/div><\/div><\/div><div class=\"faq-style-one\"><h2 class=\"accordion-header\" id=\"heading2\"><button class=\"accordion-button  collapsed\" type=\"button\" data-bs-toggle=\"collapse\" data-bs-target=\"#collapse2\" aria-expanded=\"false\" aria-controls=\"collapse2\">Nos Collaborateurs<\/button><\/h2><div id=\"collapse2\" class=\"accordion-collapse collapse \" aria-labelledby=\"heading2\" data-bs-parent=\"#faqAccordion\"><div class=\"accordion-body\"><p>Nous collaborons avec des distributeurs cl\u00e9s en Afrique, en Europe, en Am\u00e9rique du Nord et en Asie pour \u00e9tablir des cha\u00eenes d&#039;approvisionnement directes et ouvrir de nouveaux march\u00e9s.<\/p><\/div><\/div><\/div><div class=\"faq-style-one\"><h2 class=\"accordion-header\" id=\"heading3\"><button class=\"accordion-button  collapsed\" type=\"button\" data-bs-toggle=\"collapse\" data-bs-target=\"#collapse3\" aria-expanded=\"false\" aria-controls=\"collapse3\">Consommateurs et March\u00e9s \u00c9thiques<\/button><\/h2><div id=\"collapse3\" class=\"accordion-collapse collapse \" aria-labelledby=\"heading3\" data-bs-parent=\"#faqAccordion\"><div class=\"accordion-body\"><p>Une puissante op\u00e9ration industrielle de chargement de l\u2019ol\u00e9ine de karit\u00e9 dans des flexibags pour l\u2019exportation.\n\n<\/p><\/div><\/div><\/div><\/div><\/div><\/div><\/div><\/div><\/div>\t\t\t\t<\/div>\n\t\t\t\t<\/div>\n\t\t\t\t<\/div>\n\t\t<div class=\"elementor-element elementor-element-8609364 e-con-full e-flex e-con e-parent\" data-id=\"8609364\" data-element_type=\"container\" data-e-type=\"container\" data-settings=\"{&quot;background_background&quot;:&quot;classic&quot;}\">\n\t\t\t\t<div class=\"elementor-element elementor-element-edbcd95 elementor-widget elementor-widget-agricachoseus\" data-id=\"edbcd95\" data-element_type=\"widget\" data-e-type=\"widget\" data-widget_type=\"agricachoseus.default\">\n\t\t\t\t<div class=\"elementor-widget-container\">\n\t\t\t\t\t<div class=\"choose-us-style-one-area \"><div class=\"container\"><div class=\"row align-center\"><div class=\"col-xl-5 col-lg-5\"><div class=\"choose-us-thumb\"><img decoding=\"async\" src=\"https:\/\/hambolglobaltrading.com\/wp-content\/uploads\/2025\/02\/statistics-graph-moving-up-growth-monochrome-flat-element-bar-chart-increase-profit-success-editable-clip-art-black-white-icon-simple-thin-line-spot-illustration-for-web-graphic-design-vector.jpg\" alt=\"hambolGlobalTrading\"  \/><\/div><\/div><div class=\"col-xl-6 offset-xl-1 col-lg-7\"><div class=\"achivement-items\"><ul class=\"list-details\"><li><h4 class=\"vt-f-title\">Organisations de D\u00e9veloppement Durable<\/h4><p class=\"vt-f-text\">Nous travaillons avec des ONG et des organisations internationales d\u00e9di\u00e9es au d\u00e9veloppement durable et au commerce \u00e9quitable.<\/p><\/li><\/ul><div class=\"achivement-content\"> <div class=\"item\"><div class=\"progressbar\"><div class=\"circle\" data-percent=\"100\"><strong><\/strong><\/div><\/div><h4 class=\"vt-c-title\">Strat\u00e9gie de Marketing<\/h4><\/div><\/div><\/div><\/div><\/div><\/div><\/div>\t\t\t\t<\/div>\n\t\t\t\t<\/div>\n\t\t\t\t<\/div>\n\t\t<div class=\"elementor-element elementor-element-b982db9 e-con-full e-flex e-con e-parent\" data-id=\"b982db9\" data-element_type=\"container\" data-e-type=\"container\">\n\t\t\t\t<div class=\"elementor-element elementor-element-f70a96e elementor-widget elementor-widget-agricachoseus\" data-id=\"f70a96e\" data-element_type=\"widget\" data-e-type=\"widget\" data-widget_type=\"agricachoseus.default\">\n\t\t\t\t<div class=\"elementor-widget-container\">\n\t\t\t\t\t<div class=\"choose-us-style-two-area overflow-hidden default-padding-top\"><div class=\"container\"><div class=\"row\"><div class=\"col-xl-6 col-lg-6 pr-100 pr-md-15 pr-xs-15 pb-120 pb-md-60 pb-xs-60\"><ul class=\"list-simple text-light\"><li><h4 class=\"vt-f-title\">Un avenir construit sur des partenariats solides<\/h4><p class=\"vt-f-text\">Bien que Hambol Global Trading soit une entreprise jeune, elle s&#039;est d\u00e9j\u00e0 impos\u00e9e comme un acteur cl\u00e9 de la cha\u00eene de valeur agricole, en collaborant avec des r\u00e9seaux d&#039;approvisionnement en C\u00f4te d&#039;Ivoire, au Cameroun, au Ghana, au Burkina Faso et au Mali. Ces partenariats ne se limitent pas au commerce ; ils visent \u00e0 autonomiser les communaut\u00e9s locales, cr\u00e9er des emplois et renforcer la r\u00e9silience du secteur agricole en Afrique.<\/p><\/li><li><h4 class=\"vt-f-title\">Regard vers l\u2019avenir<\/h4><p class=\"vt-f-text\">En regardant vers l\u2019avenir, HGT s\u2019engage \u00e0 \u00e9tendre ses op\u00e9rations et \u00e0 approfondir son impact. Gr\u00e2ce \u00e0 ses partenariats \u00e9tablis dans la logistique et le fret, l\u2019entreprise vise \u00e0 optimiser davantage la cha\u00eene d\u2019approvisionnement, la rendant plus efficace et plus rentable pour les agriculteurs africains. Alors que Hambol Global Trading continue de cro\u00eetre, sa vision est de devenir le leader mondial des exportations agricoles africaines tout en veillant \u00e0 ce que la prosp\u00e9rit\u00e9 qu\u2019elle g\u00e9n\u00e8re soit partag\u00e9e tout au long de la cha\u00eene de valeur.<\/p><\/li><li><h4 class=\"vt-f-title\">Hambol Global Trading n\u2019est pas seulement une entreprise.<\/h4><p class=\"vt-f-text\">C&#039;est un mouvement visant \u00e0 red\u00e9finir l\u2019avenir agricole de l\u2019Afrique, en veillant \u00e0 ce que les riches ressources du continent et ses agriculteurs travailleurs disposent de la plateforme qu\u2019ils m\u00e9ritent pour prosp\u00e9rer \u00e0 l\u2019\u00e9chelle mondiale.<\/p><\/li><\/ul><\/div><div class=\"col-xl-5 offset-xl-1 col-lg-6\"><div class=\"choose-us-style-two-content\"><h2 class=\"title\">Un Avenir Fond\u00e9 sur des Partenariats Solides<\/h2><div class=\"choose-us-style-two-info\"><div class=\"content\"><div class=\"fun-fact\"><div class=\"counter\"><div class=\"timer\" data-to=\"\" data-speed=\"2000\"><\/div><div class=\"operator\"><\/div><\/div><span class=\"medium vt-c-title\"><\/span><\/div><\/div><div class=\"thumb\"><img decoding=\"async\" src=\"https:\/\/hambolglobaltrading.com\/wp-content\/uploads\/2025\/02\/49633673_9246186.jpg\" alt=\"hambolGlobalTrading\"  \/><a href=\"\" class=\"popup-youtube video-play-button\"><i class=\"fas fa-play\"><\/i><div class=\"effect\"><\/div><\/a><\/div><\/div><\/div><\/div><\/div><\/div><\/div>\t\t\t\t<\/div>\n\t\t\t\t<\/div>\n\t\t\t\t<\/div>\n\t\t\t\t<\/div>\n\t\t","protected":false},"excerpt":{"rendered":"<p>FAQ Distributeurs et Grossistes R\u00e9gionaux et Internationaux Notre Axe Principal Nous nous concentrons sur l&#039;\u00e9tablissement de relations directes avec les producteurs africains de cacao, caf\u00e9, coton, cajou, ma\u00efs, soja, haricots, s\u00e9same, sucre, m\u00e9lasse et bien plus encore afin de nous approvisionner en mati\u00e8res premi\u00e8res de haute qualit\u00e9. Nos Collaborateurs Nous collaborons avec des distributeurs cl\u00e9s&#8230;<\/p>\n","protected":false},"author":1,"featured_media":0,"parent":0,"menu_order":0,"comment_status":"closed","ping_status":"closed","template":"template-builder.php","meta":{"_monsterinsights_skip_tracking":false,"_monsterinsights_sitenote_active":false,"_monsterinsights_sitenote_note":"","_monsterinsights_sitenote_category":0,"iawp_total_views":2,"footnotes":""},"class_list":["post-3335","page","type-page","status-publish","hentry"],"aioseo_notices":[],"_links":{"self":[{"href":"https:\/\/hambolglobaltrading.com\/index.php?rest_route=\/wp\/v2\/pages\/3335","targetHints":{"allow":["GET"]}}],"collection":[{"href":"https:\/\/hambolglobaltrading.com\/index.php?rest_route=\/wp\/v2\/pages"}],"about":[{"href":"https:\/\/hambolglobaltrading.com\/index.php?rest_route=\/wp\/v2\/types\/page"}],"author":[{"embeddable":true,"href":"https:\/\/hambolglobaltrading.com\/index.php?rest_route=\/wp\/v2\/users\/1"}],"replies":[{"embeddable":true,"href":"https:\/\/hambolglobaltrading.com\/index.php?rest_route=%2Fwp%2Fv2%2Fcomments&post=3335"}],"version-history":[{"count":8,"href":"https:\/\/hambolglobaltrading.com\/index.php?rest_route=\/wp\/v2\/pages\/3335\/revisions"}],"predecessor-version":[{"id":3439,"href":"https:\/\/hambolglobaltrading.com\/index.php?rest_route=\/wp\/v2\/pages\/3335\/revisions\/3439"}],"wp:attachment":[{"href":"https:\/\/hambolglobaltrading.com\/index.php?rest_route=%2Fwp%2Fv2%2Fmedia&parent=3335"}],"curies":[{"name":"wp","href":"https:\/\/api.w.org\/{rel}","templated":true}]}}