{"id":3657,"date":"2025-03-17T15:06:11","date_gmt":"2025-03-17T15:06:11","guid":{"rendered":"https:\/\/hambolglobaltrading.com\/?page_id=3657"},"modified":"2025-03-17T15:27:08","modified_gmt":"2025-03-17T15:27:08","slug":"produits-de-palmier","status":"publish","type":"page","link":"https:\/\/hambolglobaltrading.com\/?page_id=3657&lang=fr","title":{"rendered":"Produits de palmier"},"content":{"rendered":"\t\t<div data-elementor-type=\"wp-page\" data-elementor-id=\"3657\" class=\"elementor elementor-3657\">\n\t\t\t\t<div class=\"elementor-element elementor-element-344326e e-con-full e-flex e-con e-parent\" data-id=\"344326e\" data-element_type=\"container\" data-e-type=\"container\">\n\t\t\t\t<div class=\"elementor-element elementor-element-6417a6e elementor-widget elementor-widget-agricapbanner\" data-id=\"6417a6e\" data-element_type=\"widget\" data-e-type=\"widget\" data-widget_type=\"agricapbanner.default\">\n\t\t\t\t<div class=\"elementor-widget-container\">\n\t\t\t\t\t<div class=\"product-speciality-arae\"><div class=\"container\"><div class=\"row\"><div class=\"col-xl-6 col-md-8\"><div class=\"product-speciality-info default-padding-bottom\"><div class=\"product-badge\"><h1>100 <strong>Organic<\/strong><\/h1><\/div><h2>Produits de palmier<\/h2><p> Jusqu&#039;\u00e0 3 000 MT par mois gr\u00e2ce \u00e0 des solutions logistiques avanc\u00e9es (isotanks et flexitanks).<\/p><a class=\"btn btn-dark btn-md radius animation\" href=\"#\">Contactez-nous sur WhatsApp.<\/a><\/div><\/div><\/div><\/div><\/div>\t\t\t\t<\/div>\n\t\t\t\t<\/div>\n\t\t\t\t<div class=\"elementor-element elementor-element-620743d elementor-widget elementor-widget-agricaservices\" data-id=\"620743d\" data-element_type=\"widget\" data-e-type=\"widget\" data-widget_type=\"agricaservices.default\">\n\t\t\t\t<div class=\"elementor-widget-container\">\n\t\t\t\t\t<div class=\"service-style-two-area half-bg-dark-bottom\"><div class=\"container\"><div class=\"row\"><div class=\"col-lg-10 offset-lg-1\"><\/div><\/div><div class=\"row\"><div class=\"col-lg-12\"><div class=\"service-style-two-carousel swiper mb--30\"><!-- Additional required wrapper --><div class=\"swiper-wrapper\"><!-- Single Item --><div class=\"swiper-slide\"><div class=\"service-style-two\"><div class=\"thumb\"><img decoding=\"async\" src=\"https:\/\/hambolglobaltrading.com\/wp-content\/uploads\/2025\/03\/620cbeb9e6f18858387831.jpg\" alt=\"hambolGlobalTrading\"  \/><\/div><div class=\"overlay\"><div class=\"icon\"><img decoding=\"async\" src=\"https:\/\/hambolglobaltrading.com\/wp-content\/uploads\/2025\/03\/620cbeb9e6f18858387831.jpg\" alt=\"hambolGlobalTrading\"  \/><\/div><div class=\"info\"><h4><a href=\"\">St\u00e9arine de palme<\/a><\/h4><\/div><\/div><\/div><\/div><!-- End Single Item --><!-- Single Item --><div class=\"swiper-slide\"><div class=\"service-style-two\"><div class=\"thumb\"><img decoding=\"async\" src=\"https:\/\/hambolglobaltrading.com\/wp-content\/uploads\/2025\/03\/620cbf27393c3070123558.jpg\" alt=\"hambolGlobalTrading\"  \/><\/div><div class=\"overlay\"><div class=\"icon\"><img decoding=\"async\" src=\"https:\/\/hambolglobaltrading.com\/wp-content\/uploads\/2025\/03\/620cbf27393c3070123558.jpg\" alt=\"hambolGlobalTrading\"  \/><\/div><div class=\"info\"><h4><a href=\"\">Huile de palmiste brute<\/a><\/h4><\/div><\/div><\/div><\/div><!-- End Single Item --><!-- Single Item --><div class=\"swiper-slide\"><div class=\"service-style-two\"><div class=\"thumb\"><img decoding=\"async\" src=\"https:\/\/hambolglobaltrading.com\/wp-content\/uploads\/2025\/03\/crude-palm-oil-cpo.jpg\" alt=\"hambolGlobalTrading\"  \/><\/div><div class=\"overlay\"><div class=\"icon\"><img decoding=\"async\" src=\"https:\/\/hambolglobaltrading.com\/wp-content\/uploads\/2025\/03\/crude-palm-oil-cpo.jpg\" alt=\"hambolGlobalTrading\"  \/><\/div><div class=\"info\"><h4><a href=\"\">Huile de palme brute<\/a><\/h4><\/div><\/div><\/div><\/div><!-- End Single Item --><!-- Single Item --><div class=\"swiper-slide\"><div class=\"service-style-two\"><div class=\"thumb\"><img decoding=\"async\" src=\"https:\/\/hambolglobaltrading.com\/wp-content\/uploads\/2025\/03\/Screen-Shot-2024-03-21-at-00.40.20.png\" alt=\"hambolGlobalTrading\"  \/><\/div><div class=\"overlay\"><div class=\"icon\"><img decoding=\"async\" src=\"https:\/\/hambolglobaltrading.com\/wp-content\/uploads\/2025\/03\/Screen-Shot-2024-03-21-at-00.40.20.png\" alt=\"hambolGlobalTrading\"  \/><\/div><div class=\"info\"><h4><a href=\"\">Distillat d&#039;acides gras de palme<\/a><\/h4><\/div><\/div><\/div><\/div><!-- End Single Item --><\/div><!-- Navigation --><div class=\"swiper-button-prev\"><\/div><div class=\"swiper-button-next\"><\/div><\/div><\/div><\/div><\/div><\/div>\t\t\t\t<\/div>\n\t\t\t\t<\/div>\n\t\t\t\t<\/div>\n\t\t\t\t<\/div>\n\t\t","protected":false},"excerpt":{"rendered":"<p>100 Organic Produits de palmier Jusqu&#039;\u00e0 3 000 MT par mois gr\u00e2ce \u00e0 des solutions logistiques avanc\u00e9es (isotanks et flexitanks). Contactez-nous sur WhatsApp. St\u00e9arine de palme Huile de palmiste brute Huile de palme brute Distillat d&#039;acides gras de palme<\/p>\n","protected":false},"author":1,"featured_media":0,"parent":0,"menu_order":0,"comment_status":"closed","ping_status":"closed","template":"elementor_header_footer","meta":{"_monsterinsights_skip_tracking":false,"_monsterinsights_sitenote_active":false,"_monsterinsights_sitenote_note":"","_monsterinsights_sitenote_category":0,"iawp_total_views":1,"footnotes":""},"class_list":["post-3657","page","type-page","status-publish","hentry"],"aioseo_notices":[],"_links":{"self":[{"href":"https:\/\/hambolglobaltrading.com\/index.php?rest_route=\/wp\/v2\/pages\/3657","targetHints":{"allow":["GET"]}}],"collection":[{"href":"https:\/\/hambolglobaltrading.com\/index.php?rest_route=\/wp\/v2\/pages"}],"about":[{"href":"https:\/\/hambolglobaltrading.com\/index.php?rest_route=\/wp\/v2\/types\/page"}],"author":[{"embeddable":true,"href":"https:\/\/hambolglobaltrading.com\/index.php?rest_route=\/wp\/v2\/users\/1"}],"replies":[{"embeddable":true,"href":"https:\/\/hambolglobaltrading.com\/index.php?rest_route=%2Fwp%2Fv2%2Fcomments&post=3657"}],"version-history":[{"count":7,"href":"https:\/\/hambolglobaltrading.com\/index.php?rest_route=\/wp\/v2\/pages\/3657\/revisions"}],"predecessor-version":[{"id":3696,"href":"https:\/\/hambolglobaltrading.com\/index.php?rest_route=\/wp\/v2\/pages\/3657\/revisions\/3696"}],"wp:attachment":[{"href":"https:\/\/hambolglobaltrading.com\/index.php?rest_route=%2Fwp%2Fv2%2Fmedia&parent=3657"}],"curies":[{"name":"wp","href":"https:\/\/api.w.org\/{rel}","templated":true}]}}