{"id":3667,"date":"2025-03-17T15:11:22","date_gmt":"2025-03-17T15:11:22","guid":{"rendered":"https:\/\/hambolglobaltrading.com\/?page_id=3667"},"modified":"2025-03-17T15:12:14","modified_gmt":"2025-03-17T15:12:14","slug":"produits-de-cajou","status":"publish","type":"page","link":"https:\/\/hambolglobaltrading.com\/?page_id=3667&lang=fr","title":{"rendered":"Produits de cajou"},"content":{"rendered":"\t\t<div data-elementor-type=\"wp-page\" data-elementor-id=\"3667\" class=\"elementor elementor-3667\">\n\t\t\t\t<div class=\"elementor-element elementor-element-344326e e-con-full e-flex e-con e-parent\" data-id=\"344326e\" data-element_type=\"container\" data-e-type=\"container\">\n\t\t\t\t<div class=\"elementor-element elementor-element-6417a6e elementor-widget elementor-widget-agricapbanner\" data-id=\"6417a6e\" data-element_type=\"widget\" data-e-type=\"widget\" data-widget_type=\"agricapbanner.default\">\n\t\t\t\t<div class=\"elementor-widget-container\">\n\t\t\t\t\t<div class=\"product-speciality-arae\"><div class=\"container\"><div class=\"row\"><div class=\"col-xl-6 col-md-8\"><div class=\"product-speciality-info default-padding-bottom\"><div class=\"product-badge\"><h1>100 <strong>Organic<\/strong><\/h1><\/div><h2> Notre produit de noix de cajou<\/h2><p> Jusqu&#039;\u00e0 3 000 MT par mois gr\u00e2ce \u00e0 des solutions logistiques avanc\u00e9es (isotanks et flexitanks).<\/p><a class=\"btn btn-dark btn-md radius animation\" href=\"#\">Contactez-nous sur WhatsApp.<\/a><\/div><\/div><\/div><\/div><\/div>\t\t\t\t<\/div>\n\t\t\t\t<\/div>\n\t\t\t\t<div class=\"elementor-element elementor-element-620743d elementor-widget elementor-widget-agricaservices\" data-id=\"620743d\" data-element_type=\"widget\" data-e-type=\"widget\" data-widget_type=\"agricaservices.default\">\n\t\t\t\t<div class=\"elementor-widget-container\">\n\t\t\t\t\t<div class=\"service-style-two-area half-bg-dark-bottom\"><div class=\"container\"><div class=\"row\"><div class=\"col-lg-10 offset-lg-1\"><\/div><\/div><div class=\"row\"><div class=\"col-lg-12\"><div class=\"service-style-two-carousel swiper mb--30\"><!-- Additional required wrapper --><div class=\"swiper-wrapper\"><!-- Single Item --><div class=\"swiper-slide\"><div class=\"service-style-two\"><div class=\"thumb\"><img decoding=\"async\" src=\"https:\/\/hambolglobaltrading.com\/wp-content\/uploads\/2025\/02\/WhatsApp-Image-2024-09-18-at-00.58.23_0c5f90ba.jpg\" alt=\"hambolGlobalTrading\"  \/><\/div><div class=\"overlay\"><div class=\"icon\"><img decoding=\"async\" src=\"https:\/\/hambolglobaltrading.com\/wp-content\/uploads\/2025\/02\/WhatsApp-Image-2024-09-18-at-00.58.23_0c5f90ba.jpg\" alt=\"hambolGlobalTrading\"  \/><\/div><div class=\"info\"><h4><a href=\"\">SSP 2<\/a><\/h4><\/div><\/div><\/div><\/div><!-- End Single Item --><!-- Single Item --><div class=\"swiper-slide\"><div class=\"service-style-two\"><div class=\"thumb\"><img decoding=\"async\" src=\"https:\/\/hambolglobaltrading.com\/wp-content\/uploads\/2025\/02\/WhatsApp-Image-2024-09-18-at-00.58.23_c871bb44.jpg\" alt=\"hambolGlobalTrading\"  \/><\/div><div class=\"overlay\"><div class=\"icon\"><img decoding=\"async\" src=\"https:\/\/hambolglobaltrading.com\/wp-content\/uploads\/2025\/02\/WhatsApp-Image-2024-09-18-at-00.58.23_c871bb44.jpg\" alt=\"hambolGlobalTrading\"  \/><\/div><div class=\"info\"><h4><a href=\"\">SWP<\/a><\/h4><\/div><\/div><\/div><\/div><!-- End Single Item --><!-- Single Item --><div class=\"swiper-slide\"><div class=\"service-style-two\"><div class=\"thumb\"><img decoding=\"async\" src=\"https:\/\/hambolglobaltrading.com\/wp-content\/uploads\/2025\/02\/WhatsApp-Image-2024-09-18-at-00.58.21_0c30820d-e1742220295259.jpg\" alt=\"hambolGlobalTrading\"  \/><\/div><div class=\"overlay\"><div class=\"icon\"><img decoding=\"async\" src=\"https:\/\/hambolglobaltrading.com\/wp-content\/uploads\/2025\/02\/WhatsApp-Image-2024-09-18-at-00.58.21_0c30820d.jpg\" alt=\"hambolGlobalTrading\"  \/><\/div><div class=\"info\"><h4><a href=\"\">SSW<\/a><\/h4><\/div><\/div><\/div><\/div><!-- End Single Item --><\/div><!-- Navigation --><div class=\"swiper-button-prev\"><\/div><div class=\"swiper-button-next\"><\/div><\/div><\/div><\/div><\/div><\/div>\t\t\t\t<\/div>\n\t\t\t\t<\/div>\n\t\t\t\t<div class=\"elementor-element elementor-element-cb49e3e elementor-widget elementor-widget-agricaservices\" data-id=\"cb49e3e\" data-element_type=\"widget\" data-e-type=\"widget\" data-widget_type=\"agricaservices.default\">\n\t\t\t\t<div class=\"elementor-widget-container\">\n\t\t\t\t\t<div class=\"service-style-two-area half-bg-dark-bottom\"><div class=\"container\"><div class=\"row\"><div class=\"col-lg-10 offset-lg-1\"><\/div><\/div><div class=\"row\"><div class=\"col-lg-12\"><div class=\"service-style-two-carousel swiper mb--30\"><!-- Additional required wrapper --><div class=\"swiper-wrapper\"><!-- Single Item --><div class=\"swiper-slide\"><div class=\"service-style-two\"><div class=\"thumb\"><img decoding=\"async\" src=\"https:\/\/hambolglobaltrading.com\/wp-content\/uploads\/2025\/02\/WhatsApp-Image-2024-09-18-at-00.58.20_36dfc241-e1742220428455.jpg\" alt=\"hambolGlobalTrading\"  \/><\/div><div class=\"overlay\"><div class=\"icon\"><img decoding=\"async\" src=\"https:\/\/hambolglobaltrading.com\/wp-content\/uploads\/2025\/02\/WhatsApp-Image-2024-09-18-at-00.58.20_36dfc241.jpg\" alt=\"hambolGlobalTrading\"  \/><\/div><div class=\"info\"><h4><a href=\"\">SW 240<\/a><\/h4><\/div><\/div><\/div><\/div><!-- End Single Item --><!-- Single Item --><div class=\"swiper-slide\"><div class=\"service-style-two\"><div class=\"thumb\"><img decoding=\"async\" src=\"https:\/\/hambolglobaltrading.com\/wp-content\/uploads\/2025\/02\/WhatsApp-Image-2024-09-18-at-00.58.20_895506eb-e1742220472320.jpg\" alt=\"hambolGlobalTrading\"  \/><\/div><div class=\"overlay\"><div class=\"icon\"><img decoding=\"async\" src=\"https:\/\/hambolglobaltrading.com\/wp-content\/uploads\/2025\/02\/WhatsApp-Image-2024-09-18-at-00.58.20_895506eb-e1742220472320.jpg\" alt=\"hambolGlobalTrading\"  \/><\/div><div class=\"info\"><h4><a href=\"\">SW30<\/a><\/h4><\/div><\/div><\/div><\/div><!-- End Single Item --><!-- Single Item --><div class=\"swiper-slide\"><div class=\"service-style-two\"><div class=\"thumb\"><img decoding=\"async\" src=\"https:\/\/hambolglobaltrading.com\/wp-content\/uploads\/2025\/02\/WhatsApp-Image-2024-09-18-at-00.58.20_ab87369e-e1742220578177.jpg\" alt=\"hambolGlobalTrading\"  \/><\/div><div class=\"overlay\"><div class=\"icon\"><img decoding=\"async\" src=\"https:\/\/hambolglobaltrading.com\/wp-content\/uploads\/2025\/02\/WhatsApp-Image-2024-09-18-at-00.58.20_ab87369e-e1742220578177.jpg\" alt=\"hambolGlobalTrading\"  \/><\/div><div class=\"info\"><h4><a href=\"\">BW<\/a><\/h4><\/div><\/div><\/div><\/div><!-- End Single Item --><\/div><!-- Navigation --><div class=\"swiper-button-prev\"><\/div><div class=\"swiper-button-next\"><\/div><\/div><\/div><\/div><\/div><\/div>\t\t\t\t<\/div>\n\t\t\t\t<\/div>\n\t\t\t\t<div class=\"elementor-element elementor-element-ae19853 elementor-widget elementor-widget-agricaservices\" data-id=\"ae19853\" data-element_type=\"widget\" data-e-type=\"widget\" data-widget_type=\"agricaservices.default\">\n\t\t\t\t<div class=\"elementor-widget-container\">\n\t\t\t\t\t<div class=\"service-style-two-area half-bg-dark-bottom\"><div class=\"container\"><div class=\"row\"><div class=\"col-lg-10 offset-lg-1\"><\/div><\/div><div class=\"row\"><div class=\"col-lg-12\"><div class=\"service-style-two-carousel swiper mb--30\"><!-- Additional required wrapper --><div class=\"swiper-wrapper\"><!-- Single Item --><div class=\"swiper-slide\"><div class=\"service-style-two\"><div class=\"thumb\"><img decoding=\"async\" src=\"https:\/\/hambolglobaltrading.com\/wp-content\/uploads\/2025\/02\/WhatsApp-Image-2024-09-18-at-00.58.20_ea1884b3-e1742220652401.jpg\" alt=\"hambolGlobalTrading\"  \/><\/div><div class=\"overlay\"><div class=\"icon\"><img decoding=\"async\" src=\"https:\/\/hambolglobaltrading.com\/wp-content\/uploads\/2025\/02\/WhatsApp-Image-2024-09-18-at-00.58.20_ea1884b3-e1742220652401.jpg\" alt=\"hambolGlobalTrading\"  \/><\/div><div class=\"info\"><h4><a href=\"\">SP<\/a><\/h4><\/div><\/div><\/div><\/div><!-- End Single Item --><!-- Single Item --><div class=\"swiper-slide\"><div class=\"service-style-two\"><div class=\"thumb\"><img decoding=\"async\" src=\"https:\/\/hambolglobaltrading.com\/wp-content\/uploads\/2025\/02\/WhatsApp-Image-2024-09-18-at-00.58.21_7a91f12f-e1742220722198.jpg\" alt=\"hambolGlobalTrading\"  \/><\/div><div class=\"overlay\"><div class=\"icon\"><img decoding=\"async\" src=\"https:\/\/hambolglobaltrading.com\/wp-content\/uploads\/2025\/02\/WhatsApp-Image-2024-09-18-at-00.58.21_7a91f12f-e1742220722198.jpg\" alt=\"hambolGlobalTrading\"  \/><\/div><div class=\"info\"><h4><a href=\"\">LWP<\/a><\/h4><\/div><\/div><\/div><\/div><!-- End Single Item --><!-- Single Item --><div class=\"swiper-slide\"><div class=\"service-style-two\"><div class=\"thumb\"><img decoding=\"async\" src=\"https:\/\/hambolglobaltrading.com\/wp-content\/uploads\/2025\/02\/WhatsApp-Image-2024-09-18-at-00.58.21_949a514f.jpg\" alt=\"hambolGlobalTrading\"  \/><\/div><div class=\"overlay\"><div class=\"icon\"><img decoding=\"async\" src=\"https:\/\/hambolglobaltrading.com\/wp-content\/uploads\/2025\/02\/WhatsApp-Image-2024-09-18-at-00.58.21_949a514f.jpg\" alt=\"hambolGlobalTrading\"  \/><\/div><div class=\"info\"><h4><a href=\"\">op<\/a><\/h4><\/div><\/div><\/div><\/div><!-- End Single Item --><\/div><!-- Navigation --><div class=\"swiper-button-prev\"><\/div><div class=\"swiper-button-next\"><\/div><\/div><\/div><\/div><\/div><\/div>\t\t\t\t<\/div>\n\t\t\t\t<\/div>\n\t\t\t\t<\/div>\n\t\t\t\t<\/div>\n\t\t","protected":false},"excerpt":{"rendered":"<p>100 Organic Notre produit de noix de cajou Jusqu&#039;\u00e0 3 000 MT par mois gr\u00e2ce \u00e0 des solutions logistiques avanc\u00e9es (isotanks et flexitanks). Contactez-nous sur WhatsApp. SSP 2 SWP SSW SW 240 SW30 BW SP LWP op<\/p>\n","protected":false},"author":1,"featured_media":0,"parent":0,"menu_order":0,"comment_status":"closed","ping_status":"closed","template":"elementor_header_footer","meta":{"_monsterinsights_skip_tracking":false,"_monsterinsights_sitenote_active":false,"_monsterinsights_sitenote_note":"","_monsterinsights_sitenote_category":0,"iawp_total_views":1,"footnotes":""},"class_list":["post-3667","page","type-page","status-publish","hentry"],"aioseo_notices":[],"_links":{"self":[{"href":"https:\/\/hambolglobaltrading.com\/index.php?rest_route=\/wp\/v2\/pages\/3667","targetHints":{"allow":["GET"]}}],"collection":[{"href":"https:\/\/hambolglobaltrading.com\/index.php?rest_route=\/wp\/v2\/pages"}],"about":[{"href":"https:\/\/hambolglobaltrading.com\/index.php?rest_route=\/wp\/v2\/types\/page"}],"author":[{"embeddable":true,"href":"https:\/\/hambolglobaltrading.com\/index.php?rest_route=\/wp\/v2\/users\/1"}],"replies":[{"embeddable":true,"href":"https:\/\/hambolglobaltrading.com\/index.php?rest_route=%2Fwp%2Fv2%2Fcomments&post=3667"}],"version-history":[{"count":4,"href":"https:\/\/hambolglobaltrading.com\/index.php?rest_route=\/wp\/v2\/pages\/3667\/revisions"}],"predecessor-version":[{"id":3671,"href":"https:\/\/hambolglobaltrading.com\/index.php?rest_route=\/wp\/v2\/pages\/3667\/revisions\/3671"}],"wp:attachment":[{"href":"https:\/\/hambolglobaltrading.com\/index.php?rest_route=%2Fwp%2Fv2%2Fmedia&parent=3667"}],"curies":[{"name":"wp","href":"https:\/\/api.w.org\/{rel}","templated":true}]}}